{"id":2331,"date":"2026-04-08T20:33:13","date_gmt":"2026-04-08T20:33:13","guid":{"rendered":"https:\/\/mandarinspabrasilia.com.br\/loja\/?post_type=product&#038;p=2331"},"modified":"2026-04-08T23:07:07","modified_gmt":"2026-04-08T23:07:07","slug":"mommy-fit","status":"publish","type":"product","link":"https:\/\/mandarinspabrasilia.com.br\/loja\/produto\/mommy-fit\/","title":{"rendered":"Mommy Fit"},"content":{"rendered":"","protected":false},"excerpt":{"rendered":"<blockquote><p><strong>Para m\u00e3es com perfil atleta, energia alta, foco em corpo e performance<\/strong><\/p>\n<p>&nbsp;<\/p>\n<p>Escalda p\u00e9s com sais e cristais + Menu de ch\u00e1s + Degusta\u00e7\u00e3o de Biscoito + Ventosaterapia (Terapia Oriental onde se utiliza ventosas para criar suc\u00e7\u00e3o na pele, auxiliando na melhora da circula\u00e7\u00e3o sangu\u00ednea, alivio de dores localizadas e redu\u00e7\u00e3o da tens\u00e3o muscular. Finalizada com uma massagem com foco no pesco\u00e7o, ombro e costas.) + Massagem Craniana Arom\u00e1tica ( Massagem no couro cabeludo e pesco\u00e7o, utilizando as pontas dos dedos em movimentos suaves e r\u00edtmicos. Liberando pontos de tens\u00e3o, estimulando a circula\u00e7\u00e3o, promovendo o relaxamento profundo e al\u00edvio de dores de cabe\u00e7a. Utilizando \u00f3leo de ylang ylang que proporciona brilhos e maciez aos fios.) + Banho de imers\u00e3o na Hidromassagem com sais para al\u00edvio muscular + Degusta\u00e7\u00e3o de salada de frutas.<\/p>\n<p><em>Dura\u00e7\u00e3o: 2 h15min<\/em><\/p>\n<p><strong>Brinde: Mini creme hidratante de vinho ou Mini vela arom\u00e1tica<\/strong><\/p><\/blockquote>\n","protected":false},"featured_media":2334,"template":"","meta":[],"product_brand":[],"product_cat":[64,71],"product_tag":[],"class_list":{"0":"post-2331","1":"product","2":"type-product","3":"status-publish","4":"has-post-thumbnail","6":"product_cat-day-spa","7":"product_cat-exclusivo-dia-das-maes","9":"first","10":"instock","11":"shipping-taxable","12":"purchasable","13":"product-type-simple"},"_links":{"self":[{"href":"https:\/\/mandarinspabrasilia.com.br\/loja\/wp-json\/wp\/v2\/product\/2331","targetHints":{"allow":["GET"]}}],"collection":[{"href":"https:\/\/mandarinspabrasilia.com.br\/loja\/wp-json\/wp\/v2\/product"}],"about":[{"href":"https:\/\/mandarinspabrasilia.com.br\/loja\/wp-json\/wp\/v2\/types\/product"}],"wp:featuredmedia":[{"embeddable":true,"href":"https:\/\/mandarinspabrasilia.com.br\/loja\/wp-json\/wp\/v2\/media\/2334"}],"wp:attachment":[{"href":"https:\/\/mandarinspabrasilia.com.br\/loja\/wp-json\/wp\/v2\/media?parent=2331"}],"wp:term":[{"taxonomy":"product_brand","embeddable":true,"href":"https:\/\/mandarinspabrasilia.com.br\/loja\/wp-json\/wp\/v2\/product_brand?post=2331"},{"taxonomy":"product_cat","embeddable":true,"href":"https:\/\/mandarinspabrasilia.com.br\/loja\/wp-json\/wp\/v2\/product_cat?post=2331"},{"taxonomy":"product_tag","embeddable":true,"href":"https:\/\/mandarinspabrasilia.com.br\/loja\/wp-json\/wp\/v2\/product_tag?post=2331"}],"curies":[{"name":"wp","href":"https:\/\/api.w.org\/{rel}","templated":true}]}}