{"id":2326,"date":"2026-04-08T19:36:43","date_gmt":"2026-04-08T19:36:43","guid":{"rendered":"https:\/\/mandarinspabrasilia.com.br\/loja\/?post_type=product&#038;p=2326"},"modified":"2026-04-08T19:37:03","modified_gmt":"2026-04-08T19:37:03","slug":"mommy-zen-experience","status":"publish","type":"product","link":"https:\/\/mandarinspabrasilia.com.br\/loja\/produto\/mommy-zen-experience\/","title":{"rendered":"Mommy Zen Experience"},"content":{"rendered":"","protected":false},"excerpt":{"rendered":"<blockquote><p><strong>Para m\u00e3es que buscam paz, leveza e equil\u00edbrio<\/strong><\/p>\n<p>Escalda p\u00e9s com sais e cristais + Menu de ch\u00e1s +\u00a0 Degusta\u00e7\u00e3o de biscoito + Massagem muito relaxante em todo o corpo com pedras quentes e cristais + Ritual Rolon of dao ( Desenvolvido para atenuar quadros de estresse e fadiga mental. Com os benef\u00edcios da aromaterapia, a combina\u00e7\u00e3o do efeito refrescante da Hortel\u00e3 Pimenta ao relaxamento da lavanda, em uma suave massagem na face, com toques sutis em t\u00eamporas, testa e nunca.)<\/p>\n<p><em>Dura\u00e7\u00e3o: 1H55min<\/em><\/p>\n<p><strong>Brinde: Mini Creme de Vinho ou Mini Vela Arom\u00e1tica<\/strong><\/p><\/blockquote>\n","protected":false},"featured_media":2327,"template":"","meta":[],"product_brand":[],"product_cat":[64,71],"product_tag":[],"class_list":{"0":"post-2326","1":"product","2":"type-product","3":"status-publish","4":"has-post-thumbnail","6":"product_cat-day-spa","7":"product_cat-exclusivo-dia-das-maes","9":"first","10":"instock","11":"shipping-taxable","12":"purchasable","13":"product-type-simple"},"_links":{"self":[{"href":"https:\/\/mandarinspabrasilia.com.br\/loja\/wp-json\/wp\/v2\/product\/2326","targetHints":{"allow":["GET"]}}],"collection":[{"href":"https:\/\/mandarinspabrasilia.com.br\/loja\/wp-json\/wp\/v2\/product"}],"about":[{"href":"https:\/\/mandarinspabrasilia.com.br\/loja\/wp-json\/wp\/v2\/types\/product"}],"wp:featuredmedia":[{"embeddable":true,"href":"https:\/\/mandarinspabrasilia.com.br\/loja\/wp-json\/wp\/v2\/media\/2327"}],"wp:attachment":[{"href":"https:\/\/mandarinspabrasilia.com.br\/loja\/wp-json\/wp\/v2\/media?parent=2326"}],"wp:term":[{"taxonomy":"product_brand","embeddable":true,"href":"https:\/\/mandarinspabrasilia.com.br\/loja\/wp-json\/wp\/v2\/product_brand?post=2326"},{"taxonomy":"product_cat","embeddable":true,"href":"https:\/\/mandarinspabrasilia.com.br\/loja\/wp-json\/wp\/v2\/product_cat?post=2326"},{"taxonomy":"product_tag","embeddable":true,"href":"https:\/\/mandarinspabrasilia.com.br\/loja\/wp-json\/wp\/v2\/product_tag?post=2326"}],"curies":[{"name":"wp","href":"https:\/\/api.w.org\/{rel}","templated":true}]}}