{"id":2323,"date":"2026-04-08T19:22:54","date_gmt":"2026-04-08T19:22:54","guid":{"rendered":"https:\/\/mandarinspabrasilia.com.br\/loja\/?post_type=product&#038;p=2323"},"modified":"2026-04-08T19:22:55","modified_gmt":"2026-04-08T19:22:55","slug":"mommy-glow-up","status":"publish","type":"product","link":"https:\/\/mandarinspabrasilia.com.br\/loja\/produto\/mommy-glow-up\/","title":{"rendered":"Mommy Glow Up"},"content":{"rendered":"<p>&nbsp;<\/p>\n","protected":false},"excerpt":{"rendered":"<blockquote><p><em><strong>Pra sair renovada, linda e se sentindo incr\u00edvel.<\/strong><\/em><\/p>\n<p>Escalda p\u00e9s com sais e cristais +\u00a0 Menu de ch\u00e1s +\u00a0 Massagem com mix de drenagem linf\u00e1tica e relaxante + Massagem craniana arom\u00e1tica + M\u00e1scara facial de argila .<\/p>\n<p><em>Dura\u00e7\u00e3o: 2H15min<\/p>\n<p><\/em><strong>Brinde: Mini Creme de Vinho ou Mini Vela Arom\u00e1tica.\u00a0<\/strong><\/p><\/blockquote>\n","protected":false},"featured_media":2324,"template":"","meta":[],"product_brand":[],"product_cat":[64,71],"product_tag":[],"class_list":{"0":"post-2323","1":"product","2":"type-product","3":"status-publish","4":"has-post-thumbnail","6":"product_cat-day-spa","7":"product_cat-exclusivo-dia-das-maes","9":"first","10":"instock","11":"shipping-taxable","12":"purchasable","13":"product-type-simple"},"_links":{"self":[{"href":"https:\/\/mandarinspabrasilia.com.br\/loja\/wp-json\/wp\/v2\/product\/2323","targetHints":{"allow":["GET"]}}],"collection":[{"href":"https:\/\/mandarinspabrasilia.com.br\/loja\/wp-json\/wp\/v2\/product"}],"about":[{"href":"https:\/\/mandarinspabrasilia.com.br\/loja\/wp-json\/wp\/v2\/types\/product"}],"wp:featuredmedia":[{"embeddable":true,"href":"https:\/\/mandarinspabrasilia.com.br\/loja\/wp-json\/wp\/v2\/media\/2324"}],"wp:attachment":[{"href":"https:\/\/mandarinspabrasilia.com.br\/loja\/wp-json\/wp\/v2\/media?parent=2323"}],"wp:term":[{"taxonomy":"product_brand","embeddable":true,"href":"https:\/\/mandarinspabrasilia.com.br\/loja\/wp-json\/wp\/v2\/product_brand?post=2323"},{"taxonomy":"product_cat","embeddable":true,"href":"https:\/\/mandarinspabrasilia.com.br\/loja\/wp-json\/wp\/v2\/product_cat?post=2323"},{"taxonomy":"product_tag","embeddable":true,"href":"https:\/\/mandarinspabrasilia.com.br\/loja\/wp-json\/wp\/v2\/product_tag?post=2323"}],"curies":[{"name":"wp","href":"https:\/\/api.w.org\/{rel}","templated":true}]}}